{"id":1538,"date":"2022-10-04T14:12:44","date_gmt":"2022-10-04T12:12:44","guid":{"rendered":"https:\/\/mamdar.pl\/?page_id=1538"},"modified":"2023-04-03T12:59:09","modified_gmt":"2023-04-03T10:59:09","slug":"warto","status":"publish","type":"page","link":"https:\/\/mamdar.pl\/","title":{"rendered":"mamdar"},"content":{"rendered":"\n<h4 class=\"wp-block-heading has-text-align-center\">Strona karmiona systematycznie.<\/h4>\n\n\n\n<p>Je\u017celi jeste\u015b uczestnikiem projektu &#8211; zapraszamy na podstrony:<\/p>\n\n\n\n<ul class=\"wp-block-list\">\n<li><a href=\"https:\/\/mamdar.pl\/index.php\/akademicy\/\" target=\"_blank\" rel=\"noreferrer noopener\">MAMDAR<\/a><\/li>\n\n\n\n<li><a href=\"https:\/\/mamdar.pl\/index.php\/dla-uczestnikow-2\/\" target=\"_blank\" rel=\"noreferrer noopener\">Dla uczestnik\u00f3w<\/a><\/li>\n\n\n\n<li><a href=\"https:\/\/mamdar.pl\/index.php\/dla-trenerow\/\" target=\"_blank\" rel=\"noreferrer noopener\">Dla trener\u00f3w<\/a><\/li>\n<\/ul>\n\n\n\n<p>Je\u017celi nie pami\u0119tasz hase\u0142 dost\u0119powych &#8211; napisz do trener\u00f3w (mamdar@mamdar.pl lub irs@irs.edu.pl) &#8211; pomo\u017cemy \ud83d\ude42<\/p>\n\n\n\n<div style=\"height:100px\" aria-hidden=\"true\" class=\"wp-block-spacer\"><\/div>\n\n\n\n<div class=\"wp-block-columns is-layout-flex wp-container-core-columns-is-layout-9d6595d7 wp-block-columns-is-layout-flex\">\n<div class=\"wp-block-column is-layout-flow wp-block-column-is-layout-flow\">\n<h6 class=\"wp-block-heading alignfull has-text-align-center\"><strong>realizator projektu:<\/strong><\/h6>\n<\/div>\n\n\n\n<div class=\"wp-block-column is-layout-flow wp-block-column-is-layout-flow\">\n<h6 class=\"wp-block-heading has-text-align-center\"><strong>finansowanie projektu:<\/strong><\/h6>\n<\/div>\n\n\n\n<div class=\"wp-block-column is-layout-flow wp-block-column-is-layout-flow\">\n<h6 class=\"wp-block-heading has-text-align-center\"><strong>wsparcie instytucjonalne:<\/strong><\/h6>\n<\/div>\n\n\n\n<div class=\"wp-block-column is-layout-flow wp-block-column-is-layout-flow\">\n<h6 class=\"wp-block-heading alignfull has-text-align-center\"><strong>wsp\u00f3\u0142praca:<\/strong><\/h6>\n<\/div>\n<\/div>\n\n\n\n<div class=\"wp-block-columns is-layout-flex wp-container-core-columns-is-layout-9d6595d7 wp-block-columns-is-layout-flex\">\n<div class=\"wp-block-column is-layout-flow wp-block-column-is-layout-flow\">\n<figure class=\"wp-block-image size-full\"><img loading=\"lazy\" decoding=\"async\" width=\"479\" height=\"442\" src=\"https:\/\/mamdar.pl\/wp-content\/uploads\/2022\/10\/irs.png\" alt=\"\" class=\"wp-image-1706\" srcset=\"https:\/\/mamdar.pl\/wp-content\/uploads\/2022\/10\/irs.png 479w, https:\/\/mamdar.pl\/wp-content\/uploads\/2022\/10\/irs-300x277.png 300w\" sizes=\"auto, (max-width: 479px) 100vw, 479px\" \/><\/figure>\n<\/div>\n\n\n\n<div class=\"wp-block-column is-layout-flow wp-block-column-is-layout-flow\">\n<figure class=\"wp-block-image size-full\"><img loading=\"lazy\" decoding=\"async\" width=\"476\" height=\"445\" src=\"https:\/\/mamdar.pl\/wp-content\/uploads\/2023\/02\/logoMRnaWWW.png\" alt=\"\" class=\"wp-image-2072\" srcset=\"https:\/\/mamdar.pl\/wp-content\/uploads\/2023\/02\/logoMRnaWWW.png 476w, https:\/\/mamdar.pl\/wp-content\/uploads\/2023\/02\/logoMRnaWWW-300x280.png 300w\" sizes=\"auto, (max-width: 476px) 100vw, 476px\" \/><\/figure>\n<\/div>\n\n\n\n<div class=\"wp-block-column is-layout-flow wp-block-column-is-layout-flow\">\n<figure class=\"wp-block-image size-full\"><img loading=\"lazy\" decoding=\"async\" width=\"480\" height=\"442\" src=\"https:\/\/mamdar.pl\/wp-content\/uploads\/2022\/10\/mgops.png\" alt=\"\" class=\"wp-image-1708\" srcset=\"https:\/\/mamdar.pl\/wp-content\/uploads\/2022\/10\/mgops.png 480w, https:\/\/mamdar.pl\/wp-content\/uploads\/2022\/10\/mgops-300x276.png 300w\" sizes=\"auto, (max-width: 480px) 100vw, 480px\" \/><\/figure>\n<\/div>\n\n\n\n<div class=\"wp-block-column is-layout-flow wp-block-column-is-layout-flow\">\n<figure class=\"wp-block-image size-full\"><img loading=\"lazy\" decoding=\"async\" width=\"480\" height=\"442\" src=\"https:\/\/mamdar.pl\/wp-content\/uploads\/2022\/10\/solnyGWAREK.png\" alt=\"\" class=\"wp-image-1709\" srcset=\"https:\/\/mamdar.pl\/wp-content\/uploads\/2022\/10\/solnyGWAREK.png 480w, https:\/\/mamdar.pl\/wp-content\/uploads\/2022\/10\/solnyGWAREK-300x276.png 300w\" sizes=\"auto, (max-width: 480px) 100vw, 480px\" \/><\/figure>\n<\/div>\n<\/div>\n\n\n\n<div style=\"height:100px\" aria-hidden=\"true\" class=\"wp-block-spacer\"><\/div>\n\n\n<div class=\"wp-block-image\">\n<figure class=\"aligncenter size-large is-resized\"><img loading=\"lazy\" decoding=\"async\" src=\"https:\/\/mamdar.pl\/wp-content\/uploads\/2023\/04\/mamdar21-zyczenia-1-1002x1024.png\" alt=\"\" class=\"wp-image-2088\" width=\"461\" height=\"471\" srcset=\"https:\/\/mamdar.pl\/wp-content\/uploads\/2023\/04\/mamdar21-zyczenia-1-1002x1024.png 1002w, https:\/\/mamdar.pl\/wp-content\/uploads\/2023\/04\/mamdar21-zyczenia-1-294x300.png 294w, https:\/\/mamdar.pl\/wp-content\/uploads\/2023\/04\/mamdar21-zyczenia-1-768x785.png 768w, https:\/\/mamdar.pl\/wp-content\/uploads\/2023\/04\/mamdar21-zyczenia-1.png 1188w\" sizes=\"auto, (max-width: 461px) 100vw, 461px\" \/><\/figure>\n<\/div>\n\n\n<div style=\"height:100px\" aria-hidden=\"true\" class=\"wp-block-spacer\"><\/div>\n\n\n\n<h2 class=\"wp-block-heading has-vivid-red-color has-text-color\"><strong>zapraszamy<\/strong>:<\/h2>\n\n\n<div class=\"wp-block-image\">\n<figure class=\"aligncenter size-large\"><img loading=\"lazy\" decoding=\"async\" width=\"725\" height=\"1024\" src=\"https:\/\/mamdar.pl\/wp-content\/uploads\/2022\/12\/mamdar-program-konferencji-725x1024.png\" alt=\"\" class=\"wp-image-1963\" srcset=\"https:\/\/mamdar.pl\/wp-content\/uploads\/2022\/12\/mamdar-program-konferencji-725x1024.png 725w, https:\/\/mamdar.pl\/wp-content\/uploads\/2022\/12\/mamdar-program-konferencji-212x300.png 212w, https:\/\/mamdar.pl\/wp-content\/uploads\/2022\/12\/mamdar-program-konferencji-768x1085.png 768w, https:\/\/mamdar.pl\/wp-content\/uploads\/2022\/12\/mamdar-program-konferencji-1087x1536.png 1087w, https:\/\/mamdar.pl\/wp-content\/uploads\/2022\/12\/mamdar-program-konferencji-1449x2048.png 1449w\" sizes=\"auto, (max-width: 725px) 100vw, 725px\" \/><\/figure>\n<\/div>\n\n\n<h4 class=\"wp-block-heading has-text-align-left has-black-color has-text-color\">Link do wyst\u0105pie\u0144 konferencyjnych dost\u0119pny jest na podstronie: &#8222;Konferencja&#8221;<br>&#8211; doj\u015bcie na skr\u00f3ty <a rel=\"noreferrer noopener\" href=\"https:\/\/mamdar.pl\/index.php\/konferencja\/\" target=\"_blank\">TUTAJ<\/a><\/h4>\n\n\n\n<div style=\"height:100px\" aria-hidden=\"true\" class=\"wp-block-spacer\"><\/div>\n\n\n<div class=\"wp-block-image\">\n<figure class=\"alignright size-large\"><img loading=\"lazy\" decoding=\"async\" width=\"742\" height=\"1024\" src=\"https:\/\/mamdar.pl\/wp-content\/uploads\/2022\/10\/MAMDAR-plakat-z-logami-742x1024.png\" alt=\"\" class=\"wp-image-1779\" srcset=\"https:\/\/mamdar.pl\/wp-content\/uploads\/2022\/10\/MAMDAR-plakat-z-logami-742x1024.png 742w, https:\/\/mamdar.pl\/wp-content\/uploads\/2022\/10\/MAMDAR-plakat-z-logami-217x300.png 217w, https:\/\/mamdar.pl\/wp-content\/uploads\/2022\/10\/MAMDAR-plakat-z-logami-768x1059.png 768w, https:\/\/mamdar.pl\/wp-content\/uploads\/2022\/10\/MAMDAR-plakat-z-logami-1113x1536.png 1113w, https:\/\/mamdar.pl\/wp-content\/uploads\/2022\/10\/MAMDAR-plakat-z-logami-1485x2048.png 1485w\" sizes=\"auto, (max-width: 742px) 100vw, 742px\" \/><\/figure>\n<\/div>\n\n\n<div style=\"height:100px\" aria-hidden=\"true\" class=\"wp-block-spacer\"><\/div>\n\n\n\n<p class=\"has-text-align-right\">O projekcie czytaj <a href=\"https:\/\/mamdar.pl\/index.php\/akademicy\/\">TUTAJ<\/a><\/p>\n","protected":false},"excerpt":{"rendered":"<p>Strona karmiona systematycznie. Je\u017celi jeste\u015b uczestnikiem projektu &#8211; zapraszamy na podstrony: Je\u017celi nie pami\u0119tasz hase\u0142 dost\u0119powych &#8211; napisz do trener\u00f3w (mamdar@mamdar.pl lub irs@irs.edu.pl) &#8211; pomo\u017cemy \ud83d\ude42 realizator projektu: finansowanie projektu: wsparcie instytucjonalne: wsp\u00f3\u0142praca: zapraszamy: Link do wyst\u0105pie\u0144 konferencyjnych dost\u0119pny jest na podstronie: &#8222;Konferencja&#8221;&#8211; doj\u015bcie na skr\u00f3ty TUTAJ O projekcie czytaj&#8230;<\/p>\n","protected":false},"author":1,"featured_media":0,"parent":0,"menu_order":0,"comment_status":"closed","ping_status":"closed","template":"","meta":{"footnotes":""},"class_list":["post-1538","page","type-page","status-publish","hentry"],"_links":{"self":[{"href":"https:\/\/mamdar.pl\/index.php\/wp-json\/wp\/v2\/pages\/1538","targetHints":{"allow":["GET"]}}],"collection":[{"href":"https:\/\/mamdar.pl\/index.php\/wp-json\/wp\/v2\/pages"}],"about":[{"href":"https:\/\/mamdar.pl\/index.php\/wp-json\/wp\/v2\/types\/page"}],"author":[{"embeddable":true,"href":"https:\/\/mamdar.pl\/index.php\/wp-json\/wp\/v2\/users\/1"}],"replies":[{"embeddable":true,"href":"https:\/\/mamdar.pl\/index.php\/wp-json\/wp\/v2\/comments?post=1538"}],"version-history":[{"count":42,"href":"https:\/\/mamdar.pl\/index.php\/wp-json\/wp\/v2\/pages\/1538\/revisions"}],"predecessor-version":[{"id":2089,"href":"https:\/\/mamdar.pl\/index.php\/wp-json\/wp\/v2\/pages\/1538\/revisions\/2089"}],"wp:attachment":[{"href":"https:\/\/mamdar.pl\/index.php\/wp-json\/wp\/v2\/media?parent=1538"}],"curies":[{"name":"wp","href":"https:\/\/api.w.org\/{rel}","templated":true}]}}